{"id":317,"date":"2025-10-15T13:17:59","date_gmt":"2025-10-15T11:17:59","guid":{"rendered":"https:\/\/gyndoktor.dk\/?page_id=317"},"modified":"2025-10-27T11:32:38","modified_gmt":"2025-10-27T10:32:38","slug":"contact","status":"publish","type":"page","link":"https:\/\/gyndoktor.dk\/en\/kontakt\/","title":{"rendered":"Contact"},"content":{"rendered":"<div class=\"wpb-content-wrapper\"><div data-parent=\"true\" class=\"vc_row row-container\" id=\"row-unique-0\"><div class=\"row col-half-gutter no-top-padding single-bottom-padding no-h-padding full-width row-parent\" data-minheight=\"400\"><div class=\"wpb_row row-inner\"><div class=\"wpb_column pos-top pos-center align_left column_parent col-lg-4 single-internal-gutter\"><div class=\"uncol style-light unexpand\"  ><div class=\"uncoltable\"><div class=\"uncell single-block-padding\" ><div class=\"column-background background-element\">\n\t\t\t\t\t\t\t\t\t\t\t<div class=\"background-wrapper\">\n\t\t\t\t\t\t\t\t\t\t\t\t<div class=\"background-inner\" style=\"background-image: url(https:\/\/gyndoktor.dk\/wp-content\/smush-webp\/2025\/10\/IMG_0125-scaled.jpeg.webp);background-repeat: no-repeat;background-position: center center;background-size: cover;\" data-o_src=\"https:\/\/gyndoktor.dk\/wp-content\/uploads\/2025\/10\/IMG_0125-scaled.jpeg\" data-smush-webp-fallback=\"{&quot;bg-image&quot;:&quot; url(https:\\\/\\\/gyndoktor.dk\\\/wp-content\\\/uploads\\\/2025\\\/10\\\/IMG_0125-scaled.jpeg)&quot;}\"><\/div>\n\t\t\t\t\t\t\t\t\t\t\t\t\n\t\t\t\t\t\t\t\t\t\t\t<\/div>\n\t\t\t\t\t\t\t\t\t\t<\/div><div class=\"uncont\" ><div class=\"empty-space empty-quad\" ><span class=\"empty-space-inner\"><\/span><\/div>\n<div class=\"empty-space empty-quad\" ><span class=\"empty-space-inner\"><\/span><\/div>\n<\/div><\/div><\/div><\/div><\/div><div class=\"wpb_column pos-top pos-center align_left column_parent col-lg-4 tablet-hidden mobile-hidden single-internal-gutter\"><div class=\"uncol style-light unexpand\"  ><div class=\"uncoltable\"><div class=\"uncell single-block-padding\" ><div class=\"column-background background-element\">\n\t\t\t\t\t\t\t\t\t\t\t<div class=\"background-wrapper\">\n\t\t\t\t\t\t\t\t\t\t\t\t<div class=\"background-inner\" style=\"background-image: url(https:\/\/gyndoktor.dk\/wp-content\/uploads\/2025\/10\/OP6.jpg);background-repeat: no-repeat;background-position: center center;background-size: cover;\" data-o_src=\"https:\/\/gyndoktor.dk\/wp-content\/uploads\/2025\/10\/OP6.jpg\"><\/div>\n\t\t\t\t\t\t\t\t\t\t\t\t\n\t\t\t\t\t\t\t\t\t\t\t<\/div>\n\t\t\t\t\t\t\t\t\t\t<\/div><div class=\"uncont\" ><\/div><\/div><\/div><\/div><\/div><div class=\"wpb_column pos-top pos-center align_left column_parent col-lg-4 tablet-hidden mobile-hidden single-internal-gutter\"><div class=\"uncol style-light unexpand\"  ><div class=\"uncoltable\"><div class=\"uncell single-block-padding\" ><div class=\"column-background background-element\">\n\t\t\t\t\t\t\t\t\t\t\t<div class=\"background-wrapper\">\n\t\t\t\t\t\t\t\t\t\t\t\t<div class=\"background-inner\" style=\"background-image: url(https:\/\/gyndoktor.dk\/wp-content\/smush-webp\/2025\/10\/IMG_0077-scaled.jpeg.webp);background-repeat: no-repeat;background-position: center center;background-size: cover;\" data-o_src=\"https:\/\/gyndoktor.dk\/wp-content\/uploads\/2025\/10\/IMG_0077-scaled.jpeg\" data-smush-webp-fallback=\"{&quot;bg-image&quot;:&quot; url(https:\\\/\\\/gyndoktor.dk\\\/wp-content\\\/uploads\\\/2025\\\/10\\\/IMG_0077-scaled.jpeg)&quot;}\"><\/div>\n\t\t\t\t\t\t\t\t\t\t\t\t\n\t\t\t\t\t\t\t\t\t\t\t<\/div>\n\t\t\t\t\t\t\t\t\t\t<\/div><div class=\"uncont\" ><\/div><\/div><\/div><\/div><\/div><script id=\"script-row-unique-0\" data-row=\"script-row-unique-0\" type=\"text\/javascript\" class=\"vc_controls\">UNCODE.initRow(document.getElementById(\"row-unique-0\"));<\/script><\/div><\/div><\/div><div data-parent=\"true\" class=\"vc_row row-container\" id=\"row-unique-1\"><div class=\"row double-top-padding double-bottom-padding single-h-padding limit-width row-parent\"><div class=\"wpb_row row-inner\"><div class=\"wpb_column pos-top pos-center align_left column_parent col-lg-12 half-internal-gutter\"><div class=\"uncol style-light animate_when_almost_visible bottom-t-top\"  ><div class=\"uncoltable\"><div class=\"uncell\" ><div class=\"uncont no-block-padding col-custom-width\" style=\" max-width:1104px;\" ><div class=\"vc_row row-internal row-container\"><div class=\"row row-child\"><div class=\"wpb_row row-inner\"><div class=\"wpb_column pos-top pos-center align_left column_child col-lg-6 half-internal-gutter\"><div class=\"uncol style-light\" ><div class=\"uncoltable\"><div class=\"uncell no-block-padding\" ><div class=\"uncont\" ><div class=\"vc_custom_heading_wrap\"><div class=\"heading-text el-text\" ><h1 class=\"h2\" ><span>Contact<\/span><\/h1><\/div><div class=\"clear\"><\/div><\/div><div class=\"uncode_text_column\" ><p>Puggaardsgade 10,<br \/>\n1573 Copenhagen V<br \/>\n<a class=\"cursor-init\" href=\"mailto:mail@gyndoktor.dk\">mail@gyndoktor.dk<\/a><br \/>\n<a class=\"cursor-init\" href=\"tel:91918484\">+45 91 91 84 84<\/a><\/p>\n<\/div><\/div><\/div><\/div><\/div><\/div><div class=\"wpb_column pos-top pos-center align_left column_child col-lg-6 half-internal-gutter\"><div class=\"uncol style-light\" ><div class=\"uncoltable\"><div class=\"uncell no-block-padding\" ><div class=\"uncont\" ><div class=\"vc_custom_heading_wrap\"><div class=\"heading-text el-text\" ><h2 class=\"h2\" ><span>Opening hours<\/span><\/h2><\/div><div class=\"clear\"><\/div><\/div><div class=\"uncode_text_column\" ><p>Monday: 08.15 - 15.30<br \/>\nTuesday: 08.15 - 15.30<br \/>\nWednesday: 08.15 - 13.00<br \/>\nThursday: 08.15 - 15.30<\/p>\n<\/div><\/div><\/div><\/div><\/div><\/div><\/div><\/div><\/div><div class=\"empty-space empty-double\" ><span class=\"empty-space-inner\"><\/span><\/div>\n<div class=\"vc_custom_heading_wrap\"><div class=\"heading-text el-text\" ><h2 class=\"h2\" ><span>How to find the clinic<\/span><\/h2><\/div><div class=\"clear\"><\/div><\/div><span class=\"btn-container animate_when_almost_visible bottom-t-top\" data-delay=\"400\"><a role=\"button\"  href=\"https:\/\/www.google.com\/maps\/dir\/K%C3%B8benhavns+Hovedbaneg%C3%A5rd,+K%C3%B8benhavn\/Puggaardsgade+10,+1573+K%C3%B8benhavn\/@55.6714774,12.559494,2589m\/data=!3m2!1e3!4b1!4m13!4m12!1m5!1m1!1s0x4652530d5d607ef7:0x3c0ef78b25259ef8!2m2!1d12.5649245!2d55.6727611!1m5!1m1!1s0x4652531343c9ceb7:0xa2c346fbdac7e002!2m2!1d12.5740365!2d55.6716205?entry=ttu&g_ep=EgoyMDI1MTAyMi4wIKXMDSoASAFQAw%3D%3D\" class=\"custom-link btn-underline-out border-width-0 large-txt-btn text-default-color btn-flat btn-no-scale btn-icon-right\" title=\"Driving directions\" target=\"_blank\"><span>See directions<i class=\"fa fa-arrow-right4\"><\/i><\/span><\/a><\/span><\/div><\/div><\/div><\/div><\/div><script id=\"script-row-unique-1\" data-row=\"script-row-unique-1\" type=\"text\/javascript\" class=\"vc_controls\">UNCODE.initRow(document.getElementById(\"row-unique-1\"));<\/script><\/div><\/div><\/div><div data-parent=\"true\" class=\"vc_row row-container\" id=\"row-unique-2\"><div class=\"row single-top-padding double-bottom-padding single-h-padding limit-width row-parent\"><div class=\"wpb_row row-inner\"><div class=\"wpb_column pos-top pos-center align_left column_parent col-lg-12 single-internal-gutter\"><div class=\"uncol style-light animate_when_almost_visible bottom-t-top\"  ><div class=\"uncoltable\"><div class=\"uncell\" ><div class=\"uncont no-block-padding col-custom-width\" style=\" max-width:1104px;\" ><div class=\"uncode-single-media  text-left\"><div class=\"single-wrapper\" style=\"max-width: 100%;\"><div class=\"tmb tmb-light  tmb-media-first tmb-media-last tmb-content-overlay tmb-no-bg\"><div class=\"t-inside\"><div class=\"t-entry-visual\"><div class=\"t-entry-visual-tc\"><div class=\"uncode-single-media-wrapper\"><img decoding=\"async\" class=\"wp-image-432\" src=\"https:\/\/gyndoktor.dk\/wp-content\/uploads\/2025\/10\/IMG_0249.jpg\" width=\"1178\" height=\"1004\" alt=\"\" srcset=\"https:\/\/gyndoktor.dk\/wp-content\/uploads\/2025\/10\/IMG_0249.jpg 1178w, https:\/\/gyndoktor.dk\/wp-content\/smush-webp\/2025\/10\/IMG_0249-300x256.jpg.webp 300w, https:\/\/gyndoktor.dk\/wp-content\/smush-webp\/2025\/10\/IMG_0249-1024x873.jpg.webp 1024w, https:\/\/gyndoktor.dk\/wp-content\/smush-webp\/2025\/10\/IMG_0249-768x655.jpg.webp 768w, https:\/\/gyndoktor.dk\/wp-content\/smush-webp\/2025\/10\/IMG_0249-14x12.jpg.webp 14w, https:\/\/gyndoktor.dk\/wp-content\/smush-webp\/2025\/10\/IMG_0249-350x298.jpg.webp 350w, https:\/\/gyndoktor.dk\/wp-content\/uploads\/2025\/10\/IMG_0249-uai-720x614.jpg 720w, https:\/\/gyndoktor.dk\/wp-content\/uploads\/2025\/10\/IMG_0249-uai-1032x880.jpg 1032w\" sizes=\"(max-width: 1178px) 100vw, 1178px\" data-smush-webp-fallback=\"{&quot;srcset&quot;:&quot;https:\\\/\\\/gyndoktor.dk\\\/wp-content\\\/uploads\\\/2025\\\/10\\\/IMG_0249.jpg 1178w, https:\\\/\\\/gyndoktor.dk\\\/wp-content\\\/uploads\\\/2025\\\/10\\\/IMG_0249-300x256.jpg 300w, https:\\\/\\\/gyndoktor.dk\\\/wp-content\\\/uploads\\\/2025\\\/10\\\/IMG_0249-1024x873.jpg 1024w, https:\\\/\\\/gyndoktor.dk\\\/wp-content\\\/uploads\\\/2025\\\/10\\\/IMG_0249-768x655.jpg 768w, https:\\\/\\\/gyndoktor.dk\\\/wp-content\\\/uploads\\\/2025\\\/10\\\/IMG_0249-14x12.jpg 14w, https:\\\/\\\/gyndoktor.dk\\\/wp-content\\\/uploads\\\/2025\\\/10\\\/IMG_0249-350x298.jpg 350w, https:\\\/\\\/gyndoktor.dk\\\/wp-content\\\/uploads\\\/2025\\\/10\\\/IMG_0249-uai-720x614.jpg 720w, https:\\\/\\\/gyndoktor.dk\\\/wp-content\\\/uploads\\\/2025\\\/10\\\/IMG_0249-uai-1032x880.jpg 1032w&quot;}\" \/><\/div>\n\t\t\t\t\t<\/div>\n\t\t\t\t<\/div><\/div><\/div><\/div><\/div><\/div><\/div><\/div><\/div><\/div><script id=\"script-row-unique-2\" data-row=\"script-row-unique-2\" type=\"text\/javascript\" class=\"vc_controls\">UNCODE.initRow(document.getElementById(\"row-unique-2\"));<\/script><\/div><\/div><\/div>\n<\/div>","protected":false},"excerpt":{"rendered":"KontaktPuggaardsgade 10, 1573 K\u00f8benhavn V mail@gyndoktor.dk +45 91 91 84 84 \u00c5bningstiderMandag: 08.15 \u2013 15.30 Tirsdag: 08.15 \u2013 15.30 Onsdag: [...]","protected":false},"author":1,"featured_media":0,"parent":0,"menu_order":0,"comment_status":"closed","ping_status":"closed","template":"","meta":{"footnotes":""},"class_list":["post-317","page","type-page","status-publish","hentry"],"yoast_head":"<!-- This site is optimized with the Yoast SEO plugin v27.4 - https:\/\/yoast.com\/product\/yoast-seo-wordpress\/ -->\n<title>Kontakt - Gyndoktor<\/title>\n<meta name=\"description\" content=\"\u00d8nsker du at komme i kontakt med os? Her p\u00e5 siden finder du b\u00e5de telefonnummer og mailadresse. Vi ser frem til at h\u00f8re fra dig.\" \/>\n<meta name=\"robots\" content=\"index, follow, max-snippet:-1, max-image-preview:large, max-video-preview:-1\" \/>\n<link rel=\"canonical\" href=\"https:\/\/gyndoktor.dk\/en\/contact\/\" \/>\n<meta property=\"og:locale\" content=\"en_GB\" \/>\n<meta property=\"og:type\" content=\"article\" \/>\n<meta property=\"og:title\" content=\"Kontakt - Gyndoktor\" \/>\n<meta property=\"og:description\" content=\"\u00d8nsker du at komme i kontakt med os? Her p\u00e5 siden finder du b\u00e5de telefonnummer og mailadresse. Vi ser frem til at h\u00f8re fra dig.\" \/>\n<meta property=\"og:url\" content=\"https:\/\/gyndoktor.dk\/en\/contact\/\" \/>\n<meta property=\"og:site_name\" content=\"Gyndoktor\" \/>\n<meta property=\"article:modified_time\" content=\"2025-10-27T10:32:38+00:00\" \/>\n<meta name=\"twitter:card\" content=\"summary_large_image\" \/>\n<meta name=\"twitter:label1\" content=\"Estimated reading time\" \/>\n\t<meta name=\"twitter:data1\" content=\"1 minute\" \/>\n<script type=\"application\/ld+json\" class=\"yoast-schema-graph\">{\"@context\":\"https:\\\/\\\/schema.org\",\"@graph\":[{\"@type\":\"WebPage\",\"@id\":\"https:\\\/\\\/gyndoktor.dk\\\/kontakt\\\/\",\"url\":\"https:\\\/\\\/gyndoktor.dk\\\/kontakt\\\/\",\"name\":\"Kontakt - Gyndoktor\",\"isPartOf\":{\"@id\":\"https:\\\/\\\/gyndoktor.dk\\\/#website\"},\"datePublished\":\"2025-10-15T11:17:59+00:00\",\"dateModified\":\"2025-10-27T10:32:38+00:00\",\"description\":\"\u00d8nsker du at komme i kontakt med os? Her p\u00e5 siden finder du b\u00e5de telefonnummer og mailadresse. Vi ser frem til at h\u00f8re fra dig.\",\"breadcrumb\":{\"@id\":\"https:\\\/\\\/gyndoktor.dk\\\/kontakt\\\/#breadcrumb\"},\"inLanguage\":\"en-GB\",\"potentialAction\":[{\"@type\":\"ReadAction\",\"target\":[\"https:\\\/\\\/gyndoktor.dk\\\/kontakt\\\/\"]}]},{\"@type\":\"BreadcrumbList\",\"@id\":\"https:\\\/\\\/gyndoktor.dk\\\/kontakt\\\/#breadcrumb\",\"itemListElement\":[{\"@type\":\"ListItem\",\"position\":1,\"name\":\"Hjem\",\"item\":\"https:\\\/\\\/gyndoktor.dk\\\/\"},{\"@type\":\"ListItem\",\"position\":2,\"name\":\"Kontakt\"}]},{\"@type\":\"WebSite\",\"@id\":\"https:\\\/\\\/gyndoktor.dk\\\/#website\",\"url\":\"https:\\\/\\\/gyndoktor.dk\\\/\",\"name\":\"Gyndoktor\",\"description\":\"Din private gyn\u00e6kolog og fertilitetsl\u00e6ge i hjertet af K\u00f8benhavn\",\"potentialAction\":[{\"@type\":\"SearchAction\",\"target\":{\"@type\":\"EntryPoint\",\"urlTemplate\":\"https:\\\/\\\/gyndoktor.dk\\\/?s={search_term_string}\"},\"query-input\":{\"@type\":\"PropertyValueSpecification\",\"valueRequired\":true,\"valueName\":\"search_term_string\"}}],\"inLanguage\":\"en-GB\"}]}<\/script>\n<!-- \/ Yoast SEO plugin. -->","yoast_head_json":{"title":"Contact - Gyndoktor","description":"Do you want to get in touch with us? On this page you will find both our phone number and email address. We look forward to hearing from you.","robots":{"index":"index","follow":"follow","max-snippet":"max-snippet:-1","max-image-preview":"max-image-preview:large","max-video-preview":"max-video-preview:-1"},"canonical":"https:\/\/gyndoktor.dk\/en\/contact\/","og_locale":"en_GB","og_type":"article","og_title":"Kontakt - Gyndoktor","og_description":"\u00d8nsker du at komme i kontakt med os? Her p\u00e5 siden finder du b\u00e5de telefonnummer og mailadresse. Vi ser frem til at h\u00f8re fra dig.","og_url":"https:\/\/gyndoktor.dk\/en\/contact\/","og_site_name":"Gyndoktor","article_modified_time":"2025-10-27T10:32:38+00:00","twitter_card":"summary_large_image","twitter_misc":{"Estimated reading time":"1 minute"},"schema":{"@context":"https:\/\/schema.org","@graph":[{"@type":"WebPage","@id":"https:\/\/gyndoktor.dk\/kontakt\/","url":"https:\/\/gyndoktor.dk\/kontakt\/","name":"Contact - Gyndoktor","isPartOf":{"@id":"https:\/\/gyndoktor.dk\/#website"},"datePublished":"2025-10-15T11:17:59+00:00","dateModified":"2025-10-27T10:32:38+00:00","description":"Do you want to get in touch with us? On this page you will find both our phone number and email address. We look forward to hearing from you.","breadcrumb":{"@id":"https:\/\/gyndoktor.dk\/kontakt\/#breadcrumb"},"inLanguage":"en-GB","potentialAction":[{"@type":"ReadAction","target":["https:\/\/gyndoktor.dk\/kontakt\/"]}]},{"@type":"BreadcrumbList","@id":"https:\/\/gyndoktor.dk\/kontakt\/#breadcrumb","itemListElement":[{"@type":"ListItem","position":1,"name":"Hjem","item":"https:\/\/gyndoktor.dk\/"},{"@type":"ListItem","position":2,"name":"Kontakt"}]},{"@type":"WebSite","@id":"https:\/\/gyndoktor.dk\/#website","url":"https:\/\/gyndoktor.dk\/","name":"Gyndoctor","description":"Your private gynaecologist and fertility doctor in the heart of Copenhagen","potentialAction":[{"@type":"SearchAction","target":{"@type":"EntryPoint","urlTemplate":"https:\/\/gyndoktor.dk\/?s={search_term_string}"},"query-input":{"@type":"PropertyValueSpecification","valueRequired":true,"valueName":"search_term_string"}}],"inLanguage":"en-GB"}]}},"_links":{"self":[{"href":"https:\/\/gyndoktor.dk\/en\/wp-json\/wp\/v2\/pages\/317","targetHints":{"allow":["GET"]}}],"collection":[{"href":"https:\/\/gyndoktor.dk\/en\/wp-json\/wp\/v2\/pages"}],"about":[{"href":"https:\/\/gyndoktor.dk\/en\/wp-json\/wp\/v2\/types\/page"}],"author":[{"embeddable":true,"href":"https:\/\/gyndoktor.dk\/en\/wp-json\/wp\/v2\/users\/1"}],"replies":[{"embeddable":true,"href":"https:\/\/gyndoktor.dk\/en\/wp-json\/wp\/v2\/comments?post=317"}],"version-history":[{"count":28,"href":"https:\/\/gyndoktor.dk\/en\/wp-json\/wp\/v2\/pages\/317\/revisions"}],"predecessor-version":[{"id":433,"href":"https:\/\/gyndoktor.dk\/en\/wp-json\/wp\/v2\/pages\/317\/revisions\/433"}],"wp:attachment":[{"href":"https:\/\/gyndoktor.dk\/en\/wp-json\/wp\/v2\/media?parent=317"}],"curies":[{"name":"wp","href":"https:\/\/api.w.org\/{rel}","templated":true}]}}