{"id":2,"date":"2024-11-08T13:31:52","date_gmt":"2024-11-08T13:31:52","guid":{"rendered":"https:\/\/gyndoktor.dk\/?page_id=2"},"modified":"2025-10-15T15:26:55","modified_gmt":"2025-10-15T13:26:55","slug":"sample-page","status":"publish","type":"page","link":"https:\/\/gyndoktor.dk\/en\/","title":{"rendered":"Home page"},"content":{"rendered":"<div class=\"wpb-content-wrapper\"><div data-parent=\"true\" class=\"vc_row row-container\" id=\"row-unique-0\"><div class=\"row-background background-element\">\n\t\t\t\t\t\t\t\t\t\t\t<div class=\"background-wrapper\">\n\t\t\t\t\t\t\t\t\t\t\t\t<div class=\"background-inner\" style=\"background-image: url(https:\/\/gyndoktor.dk\/wp-content\/smush-webp\/2025\/10\/IMG_0122-scaled.jpeg.webp);background-repeat: no-repeat;background-position: center center;background-attachment: scroll;background-size: cover;\" data-smush-webp-fallback=\"{&quot;bg-image&quot;:&quot; url(https:\\\/\\\/gyndoktor.dk\\\/wp-content\\\/uploads\\\/2025\\\/10\\\/IMG_0122-scaled.jpeg)&quot;}\"><\/div>\n\t\t\t\t\t\t\t\t\t\t\t\t<div class=\"block-bg-overlay style-accent-bg\" style=\"opacity: 0.8;\"><\/div>\n\t\t\t\t\t\t\t\t\t\t\t<\/div>\n\t\t\t\t\t\t\t\t\t\t<\/div><div class=\"row limit-width row-parent\" data-minheight=\"600\"><div class=\"wpb_row row-inner\"><div class=\"wpb_column pos-middle pos-center align_left column_parent col-lg-12 half-internal-gutter\"><div class=\"uncol style-spec style-dark\"  ><div class=\"uncoltable\"><div class=\"uncell\" ><div class=\"uncont no-block-padding col-custom-width\" style=\" max-width:1200px;\" ><div class=\"vc_custom_heading_wrap\"><div class=\"heading-text el-text bottom-t-top animate_when_almost_visible\" ><h1 class=\"h1\" ><span>Your private gynecologist<br \/><\/span><span>in the heart of Copenhagen<\/span><\/h1><\/div><div class=\"clear\"><\/div><\/div><div class=\"uncode_text_column text-lead bottom-t-top animate_when_almost_visible\" ><p>Specialist, M.D., Ph.D.<\/p>\n<\/div><div class=\"empty-space empty-single\" ><span class=\"empty-space-inner\"><\/span><\/div>\n<span class=\"btn-container animate_when_almost_visible bottom-t-top\" data-delay=\"400\"><a role=\"button\"  href=\"\/en\/services-and-prices\/\" class=\"custom-link btn-underline-out border-width-0 large-txt-btn text-default-color btn-flat btn-no-scale btn-icon-right\" title=\"See our services\"><span>See our services<i class=\"fa fa-arrow-right4\"><\/i><\/span><\/a><\/span><\/div><\/div><\/div><\/div><\/div><script id=\"script-row-unique-0\" data-row=\"script-row-unique-0\" type=\"text\/javascript\" class=\"vc_controls\">UNCODE.initRow(document.getElementById(\"row-unique-0\"));<\/script><\/div><\/div><\/div>\n<\/div>","protected":false},"excerpt":{"rendered":"Your private gynaecology in the heart of CopenhagenSpecialist Dr. med. See our services","protected":false},"author":1,"featured_media":0,"parent":0,"menu_order":0,"comment_status":"closed","ping_status":"closed","template":"","meta":{"footnotes":""},"class_list":["post-2","page","type-page","status-publish","hentry"],"yoast_head":"<!-- This site is optimized with the Yoast SEO plugin v27.4 - https:\/\/yoast.com\/product\/yoast-seo-wordpress\/ -->\n<title>Din private gyn\u00e6kolog i hjertet af K\u00f8benhavn - Gyndoktor<\/title>\n<meta name=\"description\" content=\"Gyndoktor er en privat gyn\u00e6kologisk klinik, der er beliggende i centrum af K\u00f8benhavn. Klinikken henvender sig til patienter, der har en sundhedsforsikring eller blot \u00f8nsker at undg\u00e5 ventetiden i det offentlige system.\" \/>\n<meta name=\"robots\" content=\"index, follow, max-snippet:-1, max-image-preview:large, max-video-preview:-1\" \/>\n<link rel=\"canonical\" href=\"https:\/\/gyndoktor.dk\/en\/\" \/>\n<meta property=\"og:locale\" content=\"en_GB\" \/>\n<meta property=\"og:type\" content=\"article\" \/>\n<meta property=\"og:title\" content=\"Din private gyn\u00e6kolog i hjertet af K\u00f8benhavn - Gyndoktor\" \/>\n<meta property=\"og:description\" content=\"Gyndoktor er en privat gyn\u00e6kologisk klinik, der er beliggende i centrum af K\u00f8benhavn. Klinikken henvender sig til patienter, der har en sundhedsforsikring eller blot \u00f8nsker at undg\u00e5 ventetiden i det offentlige system.\" \/>\n<meta property=\"og:url\" content=\"https:\/\/gyndoktor.dk\/en\/\" \/>\n<meta property=\"og:site_name\" content=\"Gyndoktor\" \/>\n<meta property=\"article:modified_time\" content=\"2025-10-15T13:26:55+00:00\" \/>\n<meta name=\"twitter:card\" content=\"summary_large_image\" \/>\n<meta name=\"twitter:label1\" content=\"Estimated reading time\" \/>\n\t<meta name=\"twitter:data1\" content=\"1 minute\" \/>\n<script type=\"application\/ld+json\" class=\"yoast-schema-graph\">{\"@context\":\"https:\\\/\\\/schema.org\",\"@graph\":[{\"@type\":\"WebPage\",\"@id\":\"https:\\\/\\\/gyndoktor.dk\\\/\",\"url\":\"https:\\\/\\\/gyndoktor.dk\\\/\",\"name\":\"Din private gyn\u00e6kolog i hjertet af K\u00f8benhavn - Gyndoktor\",\"isPartOf\":{\"@id\":\"https:\\\/\\\/gyndoktor.dk\\\/#website\"},\"datePublished\":\"2024-11-08T13:31:52+00:00\",\"dateModified\":\"2025-10-15T13:26:55+00:00\",\"description\":\"Gyndoktor er en privat gyn\u00e6kologisk klinik, der er beliggende i centrum af K\u00f8benhavn. Klinikken henvender sig til patienter, der har en sundhedsforsikring eller blot \u00f8nsker at undg\u00e5 ventetiden i det offentlige system.\",\"breadcrumb\":{\"@id\":\"https:\\\/\\\/gyndoktor.dk\\\/#breadcrumb\"},\"inLanguage\":\"en-GB\",\"potentialAction\":[{\"@type\":\"ReadAction\",\"target\":[\"https:\\\/\\\/gyndoktor.dk\\\/\"]}]},{\"@type\":\"BreadcrumbList\",\"@id\":\"https:\\\/\\\/gyndoktor.dk\\\/#breadcrumb\",\"itemListElement\":[{\"@type\":\"ListItem\",\"position\":1,\"name\":\"Hjem\",\"item\":\"https:\\\/\\\/gyndoktor.dk\\\/\"},{\"@type\":\"ListItem\",\"position\":2,\"name\":\"Forside\"}]},{\"@type\":\"WebSite\",\"@id\":\"https:\\\/\\\/gyndoktor.dk\\\/#website\",\"url\":\"https:\\\/\\\/gyndoktor.dk\\\/\",\"name\":\"Gyndoktor\",\"description\":\"Din private gyn\u00e6kolog og fertilitetsl\u00e6ge i hjertet af K\u00f8benhavn\",\"potentialAction\":[{\"@type\":\"SearchAction\",\"target\":{\"@type\":\"EntryPoint\",\"urlTemplate\":\"https:\\\/\\\/gyndoktor.dk\\\/?s={search_term_string}\"},\"query-input\":{\"@type\":\"PropertyValueSpecification\",\"valueRequired\":true,\"valueName\":\"search_term_string\"}}],\"inLanguage\":\"en-GB\"}]}<\/script>\n<!-- \/ Yoast SEO plugin. -->","yoast_head_json":{"title":"Your private gynaecologist in the heart of Copenhagen - Gyndoktor","description":"Gyndoktor is a private gynaecological clinic located in the centre of Copenhagen. The clinic caters to patients who have health insurance or simply want to avoid the waiting time in the public system.","robots":{"index":"index","follow":"follow","max-snippet":"max-snippet:-1","max-image-preview":"max-image-preview:large","max-video-preview":"max-video-preview:-1"},"canonical":"https:\/\/gyndoktor.dk\/en\/","og_locale":"en_GB","og_type":"article","og_title":"Din private gyn\u00e6kolog i hjertet af K\u00f8benhavn - Gyndoktor","og_description":"Gyndoktor er en privat gyn\u00e6kologisk klinik, der er beliggende i centrum af K\u00f8benhavn. Klinikken henvender sig til patienter, der har en sundhedsforsikring eller blot \u00f8nsker at undg\u00e5 ventetiden i det offentlige system.","og_url":"https:\/\/gyndoktor.dk\/en\/","og_site_name":"Gyndoktor","article_modified_time":"2025-10-15T13:26:55+00:00","twitter_card":"summary_large_image","twitter_misc":{"Estimated reading time":"1 minute"},"schema":{"@context":"https:\/\/schema.org","@graph":[{"@type":"WebPage","@id":"https:\/\/gyndoktor.dk\/","url":"https:\/\/gyndoktor.dk\/","name":"Your private gynaecologist in the heart of Copenhagen - Gyndoktor","isPartOf":{"@id":"https:\/\/gyndoktor.dk\/#website"},"datePublished":"2024-11-08T13:31:52+00:00","dateModified":"2025-10-15T13:26:55+00:00","description":"Gyndoktor is a private gynaecological clinic located in the centre of Copenhagen. The clinic caters to patients who have health insurance or simply want to avoid the waiting time in the public system.","breadcrumb":{"@id":"https:\/\/gyndoktor.dk\/#breadcrumb"},"inLanguage":"en-GB","potentialAction":[{"@type":"ReadAction","target":["https:\/\/gyndoktor.dk\/"]}]},{"@type":"BreadcrumbList","@id":"https:\/\/gyndoktor.dk\/#breadcrumb","itemListElement":[{"@type":"ListItem","position":1,"name":"Hjem","item":"https:\/\/gyndoktor.dk\/"},{"@type":"ListItem","position":2,"name":"Forside"}]},{"@type":"WebSite","@id":"https:\/\/gyndoktor.dk\/#website","url":"https:\/\/gyndoktor.dk\/","name":"Gyndoctor","description":"Your private gynaecologist and fertility doctor in the heart of Copenhagen","potentialAction":[{"@type":"SearchAction","target":{"@type":"EntryPoint","urlTemplate":"https:\/\/gyndoktor.dk\/?s={search_term_string}"},"query-input":{"@type":"PropertyValueSpecification","valueRequired":true,"valueName":"search_term_string"}}],"inLanguage":"en-GB"}]}},"_links":{"self":[{"href":"https:\/\/gyndoktor.dk\/en\/wp-json\/wp\/v2\/pages\/2","targetHints":{"allow":["GET"]}}],"collection":[{"href":"https:\/\/gyndoktor.dk\/en\/wp-json\/wp\/v2\/pages"}],"about":[{"href":"https:\/\/gyndoktor.dk\/en\/wp-json\/wp\/v2\/types\/page"}],"author":[{"embeddable":true,"href":"https:\/\/gyndoktor.dk\/en\/wp-json\/wp\/v2\/users\/1"}],"replies":[{"embeddable":true,"href":"https:\/\/gyndoktor.dk\/en\/wp-json\/wp\/v2\/comments?post=2"}],"version-history":[{"count":70,"href":"https:\/\/gyndoktor.dk\/en\/wp-json\/wp\/v2\/pages\/2\/revisions"}],"predecessor-version":[{"id":370,"href":"https:\/\/gyndoktor.dk\/en\/wp-json\/wp\/v2\/pages\/2\/revisions\/370"}],"wp:attachment":[{"href":"https:\/\/gyndoktor.dk\/en\/wp-json\/wp\/v2\/media?parent=2"}],"curies":[{"name":"wp","href":"https:\/\/api.w.org\/{rel}","templated":true}]}}