{"id":149,"date":"2025-10-14T10:24:14","date_gmt":"2025-10-14T08:24:14","guid":{"rendered":"https:\/\/gyndoktor.dk\/?page_id=149"},"modified":"2025-10-15T15:27:47","modified_gmt":"2025-10-15T13:27:47","slug":"about-us","status":"publish","type":"page","link":"https:\/\/gyndoktor.dk\/en\/om-os\/","title":{"rendered":"About us"},"content":{"rendered":"<div class=\"wpb-content-wrapper\"><div data-parent=\"true\" class=\"vc_row row-container\" id=\"row-unique-0\"><div class=\"row-background background-element\">\n\t\t\t\t\t\t\t\t\t\t\t<div class=\"background-wrapper\">\n\t\t\t\t\t\t\t\t\t\t\t\t<div class=\"background-inner\" style=\"background-image: url(https:\/\/gyndoktor.dk\/wp-content\/uploads\/2025\/10\/om-os-hero.jpg);background-repeat: no-repeat;background-position: center top;background-attachment: scroll;background-size: cover;\"><\/div>\n\t\t\t\t\t\t\t\t\t\t\t\t<div class=\"block-bg-overlay style-accent-bg\" style=\"opacity: 0.8;\"><\/div>\n\t\t\t\t\t\t\t\t\t\t\t<\/div>\n\t\t\t\t\t\t\t\t\t\t<\/div><div class=\"row single-top-padding single-bottom-padding single-h-padding limit-width row-parent\" data-minheight=\"320\"><div class=\"wpb_row row-inner\"><div class=\"wpb_column pos-middle pos-center align_center column_parent col-lg-12 half-internal-gutter\"><div class=\"uncol style-spec style-dark animate_when_almost_visible bottom-t-top\"  ><div class=\"uncoltable\"><div class=\"uncell\" ><div class=\"uncont no-block-padding col-custom-width\" style=\" max-width:948px;\" ><div class=\"vc_custom_heading_wrap\"><div class=\"heading-text el-text\" ><h1 class=\"h1\" ><span>About us<\/span><\/h1><\/div><div class=\"clear\"><\/div><\/div><div class=\"uncode_text_column text-lead\" ><p>Gyndoktor is a private gynecological clinic in the inner city of Copenhagen.<br \/>\nThe clinic shares address with Gynecology and Fertility Vesterbro which is a practice offering free services to women with a referral from their GP.<\/p>\n<\/div><\/div><\/div><\/div><\/div><\/div><script id=\"script-row-unique-0\" data-row=\"script-row-unique-0\" type=\"text\/javascript\" class=\"vc_controls\">UNCODE.initRow(document.getElementById(\"row-unique-0\"));<\/script><\/div><\/div><\/div><div data-parent=\"true\" class=\"vc_row row-container\" id=\"row-unique-1\"><div class=\"row double-top-padding double-bottom-padding single-h-padding limit-width row-parent\"><div class=\"wpb_row row-inner\"><div class=\"wpb_column pos-top pos-center align_left column_parent col-lg-12 single-internal-gutter\"><div class=\"uncol style-light animate_when_almost_visible bottom-t-top\"  ><div class=\"uncoltable\"><div class=\"uncell\" ><div class=\"uncont no-block-padding col-custom-width\" style=\" max-width:756px;\" ><div class=\"uncode_text_column\" ><p>Gyndoctor offers treatments to women without a civil registration number or women who want to circumvent the waiting time in the public system, either because they have a private health insurance or because they want to pay themselves.<\/p>\n<p>I have more than 20 years of experience as a gynecologist and have previously worked as a chief physician and associate professor on different Danish university hospitals.<\/p>\n<p>I wrote my doctoral dissertation on menopausal hormone therapy, and I am a coauthor of the new revised guideline on this topic. Over time, I have published more than 25 scientific papers in recognized international journals.<\/p>\n<p>My expertise in the field of fertility has been built through years of experience as a consultant at Vitanova. Vitanova is an international fertility clinic and part of IVI, one of the world\u2019s largest and most renowned fertility groups.<\/p>\n<\/div><span class=\"btn-container\" ><a role=\"button\"  href=\"https:\/\/gyndoktor.dk\/en\/services-and-prices\/\" class=\"custom-link btn-underline-out border-width-0 -center text-default-color btn-flat btn-no-scale btn-icon-right\" title=\"See our services\"><span>See our services<i class=\"fa fa-arrow-right4\"><\/i><\/span><\/a><\/span><\/div><\/div><\/div><\/div><\/div><script id=\"script-row-unique-1\" data-row=\"script-row-unique-1\" type=\"text\/javascript\" class=\"vc_controls\">UNCODE.initRow(document.getElementById(\"row-unique-1\"));<\/script><\/div><\/div><\/div><div data-parent=\"true\" class=\"vc_row row-container\" id=\"row-unique-2\"><div class=\"row single-top-padding double-bottom-padding single-h-padding limit-width row-parent\"><div class=\"wpb_row row-inner\"><div class=\"wpb_column pos-top pos-center align_left column_parent col-lg-12 single-internal-gutter\"><div class=\"uncol style-light animate_when_almost_visible bottom-t-top\"  ><div class=\"uncoltable\"><div class=\"uncell\" ><div class=\"uncont no-block-padding col-custom-width\" style=\" max-width:1104px;\" ><div class=\"uncode-single-media  text-left\"><div class=\"single-wrapper\" style=\"max-width: 100%;\"><div class=\"tmb tmb-light  tmb-media-first tmb-media-last tmb-content-overlay tmb-no-bg\"><div class=\"t-inside\"><div class=\"t-entry-visual\"><div class=\"t-entry-visual-tc\"><div class=\"uncode-single-media-wrapper\"><img decoding=\"async\" class=\"wp-image-232\" src=\"https:\/\/gyndoktor.dk\/wp-content\/smush-webp\/2025\/10\/IMG_0158-scaled.jpeg.webp\" width=\"2560\" height=\"1920\" alt=\"\" srcset=\"https:\/\/gyndoktor.dk\/wp-content\/smush-webp\/2025\/10\/IMG_0158-scaled.jpeg.webp 2560w, https:\/\/gyndoktor.dk\/wp-content\/smush-webp\/2025\/10\/IMG_0158-300x225.jpeg.webp 300w, https:\/\/gyndoktor.dk\/wp-content\/smush-webp\/2025\/10\/IMG_0158-1024x768.jpeg.webp 1024w, https:\/\/gyndoktor.dk\/wp-content\/smush-webp\/2025\/10\/IMG_0158-768x576.jpeg.webp 768w, https:\/\/gyndoktor.dk\/wp-content\/smush-webp\/2025\/10\/IMG_0158-1536x1152.jpeg.webp 1536w, https:\/\/gyndoktor.dk\/wp-content\/smush-webp\/2025\/10\/IMG_0158-2048x1536.jpeg.webp 2048w, https:\/\/gyndoktor.dk\/wp-content\/smush-webp\/2025\/10\/IMG_0158-350x263.jpeg.webp 350w, https:\/\/gyndoktor.dk\/wp-content\/uploads\/2025\/10\/IMG_0158-scaled-uai-720x540.jpeg 720w, https:\/\/gyndoktor.dk\/wp-content\/uploads\/2025\/10\/IMG_0158-scaled-uai-1032x774.jpeg 1032w\" sizes=\"(max-width: 2560px) 100vw, 2560px\" data-smush-webp-fallback=\"{&quot;src&quot;:&quot;https:\\\/\\\/gyndoktor.dk\\\/wp-content\\\/uploads\\\/2025\\\/10\\\/IMG_0158-scaled.jpeg&quot;,&quot;srcset&quot;:&quot;https:\\\/\\\/gyndoktor.dk\\\/wp-content\\\/uploads\\\/2025\\\/10\\\/IMG_0158-scaled.jpeg 2560w, https:\\\/\\\/gyndoktor.dk\\\/wp-content\\\/uploads\\\/2025\\\/10\\\/IMG_0158-300x225.jpeg 300w, https:\\\/\\\/gyndoktor.dk\\\/wp-content\\\/uploads\\\/2025\\\/10\\\/IMG_0158-1024x768.jpeg 1024w, https:\\\/\\\/gyndoktor.dk\\\/wp-content\\\/uploads\\\/2025\\\/10\\\/IMG_0158-768x576.jpeg 768w, https:\\\/\\\/gyndoktor.dk\\\/wp-content\\\/uploads\\\/2025\\\/10\\\/IMG_0158-1536x1152.jpeg 1536w, https:\\\/\\\/gyndoktor.dk\\\/wp-content\\\/uploads\\\/2025\\\/10\\\/IMG_0158-2048x1536.jpeg 2048w, https:\\\/\\\/gyndoktor.dk\\\/wp-content\\\/uploads\\\/2025\\\/10\\\/IMG_0158-350x263.jpeg 350w, https:\\\/\\\/gyndoktor.dk\\\/wp-content\\\/uploads\\\/2025\\\/10\\\/IMG_0158-scaled-uai-720x540.jpeg 720w, https:\\\/\\\/gyndoktor.dk\\\/wp-content\\\/uploads\\\/2025\\\/10\\\/IMG_0158-scaled-uai-1032x774.jpeg 1032w&quot;}\" \/><\/div>\n\t\t\t\t\t<\/div>\n\t\t\t\t<\/div><\/div><\/div><\/div><\/div><\/div><\/div><\/div><\/div><\/div><script id=\"script-row-unique-2\" data-row=\"script-row-unique-2\" type=\"text\/javascript\" class=\"vc_controls\">UNCODE.initRow(document.getElementById(\"row-unique-2\"));<\/script><\/div><\/div><\/div>\n<\/div>","protected":false},"excerpt":{"rendered":"Om osGyndoktor er en privat gyn\u00e6kologisk klinik, der er beliggende i centrum af K\u00f8benhavn. Klinikken drives p\u00e5 samme adresse som [...]","protected":false},"author":1,"featured_media":0,"parent":0,"menu_order":0,"comment_status":"closed","ping_status":"closed","template":"","meta":{"footnotes":""},"class_list":["post-149","page","type-page","status-publish","hentry"],"yoast_head":"<!-- This site is optimized with the Yoast SEO plugin v27.4 - https:\/\/yoast.com\/product\/yoast-seo-wordpress\/ -->\n<title>Om os - Gyndoktor<\/title>\n<meta name=\"description\" content=\"Hos Gyndoktor tilbyder vi udredning og behandling af de fleste problemstillinger indenfor s\u00e5vel gyn\u00e6kologi som fertilitet. L\u00e6s mere her.\" \/>\n<meta name=\"robots\" content=\"index, follow, max-snippet:-1, max-image-preview:large, max-video-preview:-1\" \/>\n<link rel=\"canonical\" href=\"https:\/\/gyndoktor.dk\/en\/about-us\/\" \/>\n<meta property=\"og:locale\" content=\"en_GB\" \/>\n<meta property=\"og:type\" content=\"article\" \/>\n<meta property=\"og:title\" content=\"Om os - Gyndoktor\" \/>\n<meta property=\"og:description\" content=\"Hos Gyndoktor tilbyder vi udredning og behandling af de fleste problemstillinger indenfor s\u00e5vel gyn\u00e6kologi som fertilitet. L\u00e6s mere her.\" \/>\n<meta property=\"og:url\" content=\"https:\/\/gyndoktor.dk\/en\/about-us\/\" \/>\n<meta property=\"og:site_name\" content=\"Gyndoktor\" \/>\n<meta property=\"article:modified_time\" content=\"2025-10-15T13:27:47+00:00\" \/>\n<meta name=\"twitter:card\" content=\"summary_large_image\" \/>\n<meta name=\"twitter:label1\" content=\"Estimated reading time\" \/>\n\t<meta name=\"twitter:data1\" content=\"2 minutes\" \/>\n<script type=\"application\/ld+json\" class=\"yoast-schema-graph\">{\"@context\":\"https:\\\/\\\/schema.org\",\"@graph\":[{\"@type\":\"WebPage\",\"@id\":\"https:\\\/\\\/gyndoktor.dk\\\/om-os\\\/\",\"url\":\"https:\\\/\\\/gyndoktor.dk\\\/om-os\\\/\",\"name\":\"Om os - Gyndoktor\",\"isPartOf\":{\"@id\":\"https:\\\/\\\/gyndoktor.dk\\\/#website\"},\"datePublished\":\"2025-10-14T08:24:14+00:00\",\"dateModified\":\"2025-10-15T13:27:47+00:00\",\"description\":\"Hos Gyndoktor tilbyder vi udredning og behandling af de fleste problemstillinger indenfor s\u00e5vel gyn\u00e6kologi som fertilitet. L\u00e6s mere her.\",\"breadcrumb\":{\"@id\":\"https:\\\/\\\/gyndoktor.dk\\\/om-os\\\/#breadcrumb\"},\"inLanguage\":\"en-GB\",\"potentialAction\":[{\"@type\":\"ReadAction\",\"target\":[\"https:\\\/\\\/gyndoktor.dk\\\/om-os\\\/\"]}]},{\"@type\":\"BreadcrumbList\",\"@id\":\"https:\\\/\\\/gyndoktor.dk\\\/om-os\\\/#breadcrumb\",\"itemListElement\":[{\"@type\":\"ListItem\",\"position\":1,\"name\":\"Hjem\",\"item\":\"https:\\\/\\\/gyndoktor.dk\\\/\"},{\"@type\":\"ListItem\",\"position\":2,\"name\":\"Om os\"}]},{\"@type\":\"WebSite\",\"@id\":\"https:\\\/\\\/gyndoktor.dk\\\/#website\",\"url\":\"https:\\\/\\\/gyndoktor.dk\\\/\",\"name\":\"Gyndoktor\",\"description\":\"Din private gyn\u00e6kolog og fertilitetsl\u00e6ge i hjertet af K\u00f8benhavn\",\"potentialAction\":[{\"@type\":\"SearchAction\",\"target\":{\"@type\":\"EntryPoint\",\"urlTemplate\":\"https:\\\/\\\/gyndoktor.dk\\\/?s={search_term_string}\"},\"query-input\":{\"@type\":\"PropertyValueSpecification\",\"valueRequired\":true,\"valueName\":\"search_term_string\"}}],\"inLanguage\":\"en-GB\"}]}<\/script>\n<!-- \/ Yoast SEO plugin. -->","yoast_head_json":{"title":"About us - Gyndoktor","description":"At Gyndoktor, we offer examination and treatment of most gynaecological and fertility issues. Read more here.","robots":{"index":"index","follow":"follow","max-snippet":"max-snippet:-1","max-image-preview":"max-image-preview:large","max-video-preview":"max-video-preview:-1"},"canonical":"https:\/\/gyndoktor.dk\/en\/about-us\/","og_locale":"en_GB","og_type":"article","og_title":"Om os - Gyndoktor","og_description":"Hos Gyndoktor tilbyder vi udredning og behandling af de fleste problemstillinger indenfor s\u00e5vel gyn\u00e6kologi som fertilitet. L\u00e6s mere her.","og_url":"https:\/\/gyndoktor.dk\/en\/about-us\/","og_site_name":"Gyndoktor","article_modified_time":"2025-10-15T13:27:47+00:00","twitter_card":"summary_large_image","twitter_misc":{"Estimated reading time":"2 minutes"},"schema":{"@context":"https:\/\/schema.org","@graph":[{"@type":"WebPage","@id":"https:\/\/gyndoktor.dk\/om-os\/","url":"https:\/\/gyndoktor.dk\/om-os\/","name":"About us - Gyndoktor","isPartOf":{"@id":"https:\/\/gyndoktor.dk\/#website"},"datePublished":"2025-10-14T08:24:14+00:00","dateModified":"2025-10-15T13:27:47+00:00","description":"At Gyndoktor, we offer examination and treatment of most gynaecological and fertility issues. Read more here.","breadcrumb":{"@id":"https:\/\/gyndoktor.dk\/om-os\/#breadcrumb"},"inLanguage":"en-GB","potentialAction":[{"@type":"ReadAction","target":["https:\/\/gyndoktor.dk\/om-os\/"]}]},{"@type":"BreadcrumbList","@id":"https:\/\/gyndoktor.dk\/om-os\/#breadcrumb","itemListElement":[{"@type":"ListItem","position":1,"name":"Hjem","item":"https:\/\/gyndoktor.dk\/"},{"@type":"ListItem","position":2,"name":"Om os"}]},{"@type":"WebSite","@id":"https:\/\/gyndoktor.dk\/#website","url":"https:\/\/gyndoktor.dk\/","name":"Gyndoctor","description":"Your private gynaecologist and fertility doctor in the heart of Copenhagen","potentialAction":[{"@type":"SearchAction","target":{"@type":"EntryPoint","urlTemplate":"https:\/\/gyndoktor.dk\/?s={search_term_string}"},"query-input":{"@type":"PropertyValueSpecification","valueRequired":true,"valueName":"search_term_string"}}],"inLanguage":"en-GB"}]}},"_links":{"self":[{"href":"https:\/\/gyndoktor.dk\/en\/wp-json\/wp\/v2\/pages\/149","targetHints":{"allow":["GET"]}}],"collection":[{"href":"https:\/\/gyndoktor.dk\/en\/wp-json\/wp\/v2\/pages"}],"about":[{"href":"https:\/\/gyndoktor.dk\/en\/wp-json\/wp\/v2\/types\/page"}],"author":[{"embeddable":true,"href":"https:\/\/gyndoktor.dk\/en\/wp-json\/wp\/v2\/users\/1"}],"replies":[{"embeddable":true,"href":"https:\/\/gyndoktor.dk\/en\/wp-json\/wp\/v2\/comments?post=149"}],"version-history":[{"count":36,"href":"https:\/\/gyndoktor.dk\/en\/wp-json\/wp\/v2\/pages\/149\/revisions"}],"predecessor-version":[{"id":368,"href":"https:\/\/gyndoktor.dk\/en\/wp-json\/wp\/v2\/pages\/149\/revisions\/368"}],"wp:attachment":[{"href":"https:\/\/gyndoktor.dk\/en\/wp-json\/wp\/v2\/media?parent=149"}],"curies":[{"name":"wp","href":"https:\/\/api.w.org\/{rel}","templated":true}]}}